{"id":38,"date":"2022-05-29T08:11:08","date_gmt":"2022-05-29T08:11:08","guid":{"rendered":"https:\/\/bizbergthemes.com\/epic-business-event\/?page_id=38"},"modified":"2025-06-15T08:50:53","modified_gmt":"2025-06-15T08:50:53","slug":"homepage","status":"publish","type":"page","link":"https:\/\/www.glogowianki.pl\/","title":{"rendered":"Epic Business Event Homepage"},"content":{"rendered":"\t\t<div data-elementor-type=\"wp-page\" data-elementor-id=\"38\" class=\"elementor elementor-38\">\n\t\t\t\t\t\t\t\t\t<section class=\"elementor-section elementor-top-section elementor-element elementor-element-2bf7c90 elementor-reverse-tablet elementor-reverse-mobile elementor-section-boxed elementor-section-height-default elementor-section-height-default\" data-id=\"2bf7c90\" data-element_type=\"section\" data-settings=\"{&quot;background_background&quot;:&quot;classic&quot;,&quot;shape_divider_bottom&quot;:&quot;curve&quot;,&quot;shape_divider_bottom_negative&quot;:&quot;yes&quot;}\">\n\t\t\t\t\t<div class=\"elementor-shape elementor-shape-bottom\" data-negative=\"true\">\n\t\t\t<svg xmlns=\"http:\/\/www.w3.org\/2000\/svg\" viewBox=\"0 0 1000 100\" preserveAspectRatio=\"none\">\n\t<path class=\"elementor-shape-fill\" d=\"M500,97C126.7,96.3,0.8,19.8,0,0v100l1000,0V1C1000,19.4,873.3,97.8,500,97z\"\/>\n<\/svg>\t\t<\/div>\n\t\t\t\t\t<div class=\"elementor-container elementor-column-gap-wider\">\n\t\t\t\t\t<div class=\"elementor-column elementor-col-100 elementor-top-column elementor-element elementor-element-6d93012 elementor-invisible\" data-id=\"6d93012\" data-element_type=\"column\" data-settings=\"{&quot;animation&quot;:&quot;fadeInRight&quot;}\">\n\t\t\t<div class=\"elementor-widget-wrap elementor-element-populated\">\n\t\t\t\t\t\t\t\t<section class=\"elementor-section elementor-inner-section elementor-element elementor-element-d2cdc46 elementor-section-boxed elementor-section-height-default elementor-section-height-default\" data-id=\"d2cdc46\" data-element_type=\"section\">\n\t\t\t\t\t\t<div class=\"elementor-container elementor-column-gap-default\">\n\t\t\t\t\t<div class=\"elementor-column elementor-col-100 elementor-inner-column elementor-element elementor-element-86848f1\" data-id=\"86848f1\" data-element_type=\"column\">\n\t\t\t<div class=\"elementor-widget-wrap\">\n\t\t\t\t\t\t\t\t\t<\/div>\n\t\t<\/div>\n\t\t\t\t\t\t\t<\/div>\n\t\t<\/section>\n\t\t\t\t\t<\/div>\n\t\t<\/div>\n\t\t\t\t\t\t\t<\/div>\n\t\t<\/section>\n\t\t\t\t<section class=\"elementor-section elementor-top-section elementor-element elementor-element-297800a elementor-section-boxed elementor-section-height-default elementor-section-height-default\" data-id=\"297800a\" data-element_type=\"section\">\n\t\t\t\t\t\t<div class=\"elementor-container elementor-column-gap-default\">\n\t\t\t\t\t<div class=\"elementor-column elementor-col-100 elementor-top-column elementor-element elementor-element-3e1e45a\" data-id=\"3e1e45a\" data-element_type=\"column\">\n\t\t\t<div class=\"elementor-widget-wrap elementor-element-populated\">\n\t\t\t\t\t\t\t\t<section class=\"elementor-section elementor-inner-section elementor-element elementor-element-79635a5 elementor-section-boxed elementor-section-height-default elementor-section-height-default\" data-id=\"79635a5\" data-element_type=\"section\">\n\t\t\t\t\t\t<div class=\"elementor-container elementor-column-gap-default\">\n\t\t\t\t\t<div class=\"elementor-column elementor-col-50 elementor-inner-column elementor-element elementor-element-6c63b35\" data-id=\"6c63b35\" data-element_type=\"column\">\n\t\t\t<div class=\"elementor-widget-wrap elementor-element-populated\">\n\t\t\t\t\t\t\t\t<div class=\"elementor-element elementor-element-a29789c elementor-align-right elementor-mobile-align-center elementor-widget elementor-widget-button\" data-id=\"a29789c\" data-element_type=\"widget\" data-widget_type=\"button.default\">\n\t\t\t\t<div class=\"elementor-widget-container\">\n\t\t\t\t\t<div class=\"elementor-button-wrapper\">\n\t\t\t<a href=\"https:\/\/forms.gle\/R3L5EA59nCm5317C6\" class=\"elementor-button-link elementor-button elementor-size-md\" role=\"button\">\n\t\t\t\t\t\t<span class=\"elementor-button-content-wrapper\">\n\t\t\t\t\t\t<span class=\"elementor-button-text\">Zapisz si\u0119 na warsztaty<\/span>\n\t\t<\/span>\n\t\t\t\t\t<\/a>\n\t\t<\/div>\n\t\t\t\t<\/div>\n\t\t\t\t<\/div>\n\t\t\t\t\t<\/div>\n\t\t<\/div>\n\t\t\t\t<div class=\"elementor-column elementor-col-50 elementor-inner-column elementor-element elementor-element-daa88e7\" data-id=\"daa88e7\" data-element_type=\"column\" data-settings=\"{&quot;background_background&quot;:&quot;classic&quot;}\">\n\t\t\t<div class=\"elementor-widget-wrap elementor-element-populated\">\n\t\t\t\t\t\t\t\t<div class=\"elementor-element elementor-element-7c8da04 elementor-align-left elementor-mobile-align-center elementor-widget elementor-widget-button\" data-id=\"7c8da04\" data-element_type=\"widget\" data-widget_type=\"button.default\">\n\t\t\t\t<div class=\"elementor-widget-container\">\n\t\t\t\t\t<div class=\"elementor-button-wrapper\">\n\t\t\t<a href=\"https:\/\/www.glogowianki.pl\/wp-content\/uploads\/2025\/06\/plakat-out-online-.png\" class=\"elementor-button-link elementor-button elementor-size-md\" role=\"button\">\n\t\t\t\t\t\t<span class=\"elementor-button-content-wrapper\">\n\t\t\t\t\t\t<span class=\"elementor-button-text\">Harmonogram<\/span>\n\t\t<\/span>\n\t\t\t\t\t<\/a>\n\t\t<\/div>\n\t\t\t\t<\/div>\n\t\t\t\t<\/div>\n\t\t\t\t\t<\/div>\n\t\t<\/div>\n\t\t\t\t\t\t\t<\/div>\n\t\t<\/section>\n\t\t\t\t\t<\/div>\n\t\t<\/div>\n\t\t\t\t\t\t\t<\/div>\n\t\t<\/section>\n\t\t\t\t<section class=\"elementor-section elementor-top-section elementor-element elementor-element-1c50380 elementor-section-boxed elementor-section-height-default elementor-section-height-default\" data-id=\"1c50380\" data-element_type=\"section\">\n\t\t\t\t\t\t<div class=\"elementor-container elementor-column-gap-wider\">\n\t\t\t\t\t<div class=\"elementor-column elementor-col-100 elementor-top-column elementor-element elementor-element-bd3741d elementor-invisible\" data-id=\"bd3741d\" data-element_type=\"column\" data-settings=\"{&quot;animation&quot;:&quot;fadeInRight&quot;}\">\n\t\t\t<div class=\"elementor-widget-wrap elementor-element-populated\">\n\t\t\t\t\t\t\t\t<section class=\"elementor-section elementor-inner-section elementor-element elementor-element-b1896c1 elementor-section-boxed elementor-section-height-default elementor-section-height-default\" data-id=\"b1896c1\" data-element_type=\"section\">\n\t\t\t\t\t\t<div class=\"elementor-container elementor-column-gap-no\">\n\t\t\t\t\t<div class=\"elementor-column elementor-col-100 elementor-inner-column elementor-element elementor-element-719b9d0\" data-id=\"719b9d0\" data-element_type=\"column\">\n\t\t\t<div class=\"elementor-widget-wrap elementor-element-populated\">\n\t\t\t\t\t\t\t\t<div class=\"elementor-element elementor-element-bb69651 elementor-widget elementor-widget-eael-countdown\" data-id=\"bb69651\" data-element_type=\"widget\" data-widget_type=\"eael-countdown.default\">\n\t\t\t\t<div class=\"elementor-widget-container\">\n\t\t\t\n\t\t<div class=\"eael-countdown-wrapper\" data-countdown-id=\"bb69651\" data-expire-type=\"none\" data-countdown-type=\"due_date\">\n\t\t\t<div class=\"eael-countdown-container eael-countdown-label-block eael-countdown-label-block-tablet eael-countdown-label-inline-mobile \">\n\t\t\t\t<ul id=\"eael-countdown-bb69651\" class=\"eael-countdown-items\" data-date=\"Jun 15 2025 16:00:00 +0\">\n\t\t\t\t\t<li class=\"eael-countdown-item\"><div class=\"eael-countdown-days\"><span data-days class=\"eael-countdown-digits\">00<\/span><span class=\"eael-countdown-label\">Days<\/span><\/div><\/li>\t\t\t\t\t<li class=\"eael-countdown-item\"><div class=\"eael-countdown-hours\"><span data-hours class=\"eael-countdown-digits\">00<\/span><span class=\"eael-countdown-label\">Hours<\/span><\/div><\/li>\t\t\t\t<li class=\"eael-countdown-item\"><div class=\"eael-countdown-minutes\"><span data-minutes class=\"eael-countdown-digits\">00<\/span><span class=\"eael-countdown-label\">Minutes<\/span><\/div><\/li>\t\t\t\t<li class=\"eael-countdown-item\"><div class=\"eael-countdown-seconds\"><span data-seconds class=\"eael-countdown-digits\">00<\/span><span class=\"eael-countdown-label\">Seconds<\/span><\/div><\/li>\t\t\t\t<\/ul>\n                <div class=\"eael-countdown-expiry-template\" style=\"display: none;\">\n\t\t\t\t\t                <\/div>\n\t\t\t\t<div class=\"clearfix\"><\/div>\n\t\t\t<\/div>\n\t\t<\/div>\n\n\t\t\t<\/div>\n\t\t\t\t<\/div>\n\t\t\t\t<div class=\"elementor-element elementor-element-28e0d93 elementor-view-stacked elementor-position-left elementor-vertical-align-middle elementor-shape-circle elementor-mobile-position-top elementor-widget elementor-widget-icon-box\" data-id=\"28e0d93\" data-element_type=\"widget\" data-widget_type=\"icon-box.default\">\n\t\t\t\t<div class=\"elementor-widget-container\">\n\t\t\t<link rel=\"stylesheet\" href=\"https:\/\/www.glogowianki.pl\/wp-content\/plugins\/elementor\/assets\/css\/widget-icon-box.min.css\">\t\t<div class=\"elementor-icon-box-wrapper\">\n\t\t\t\t\t\t<div class=\"elementor-icon-box-icon\">\n\t\t\t\t<span class=\"elementor-icon elementor-animation-\" >\n\t\t\t\t<i aria-hidden=\"true\" class=\"far fa-calendar-alt\"><\/i>\t\t\t\t<\/span>\n\t\t\t<\/div>\n\t\t\t\t\t\t<div class=\"elementor-icon-box-content\">\n\t\t\t\t<h3 class=\"elementor-icon-box-title\">\n\t\t\t\t\t<span  >\n\t\t\t\t\t\tKiedy?\t\t\t\t\t<\/span>\n\t\t\t\t<\/h3>\n\t\t\t\t\t\t\t\t\t<p class=\"elementor-icon-box-description\">\n\t\t\t\t\t\tNiedziela, 15 czerwca 2024 godz. 16:00 - 20:00\t\t\t\t\t<\/p>\n\t\t\t\t\t\t\t<\/div>\n\t\t<\/div>\n\t\t\t\t<\/div>\n\t\t\t\t<\/div>\n\t\t\t\t\t<\/div>\n\t\t<\/div>\n\t\t\t\t\t\t\t<\/div>\n\t\t<\/section>\n\t\t\t\t<section class=\"elementor-section elementor-inner-section elementor-element elementor-element-007b151 elementor-section-boxed elementor-section-height-default elementor-section-height-default\" data-id=\"007b151\" data-element_type=\"section\">\n\t\t\t\t\t\t<div class=\"elementor-container elementor-column-gap-no\">\n\t\t\t\t\t<div class=\"elementor-column elementor-col-100 elementor-inner-column elementor-element elementor-element-0ec5424\" data-id=\"0ec5424\" data-element_type=\"column\">\n\t\t\t<div class=\"elementor-widget-wrap elementor-element-populated\">\n\t\t\t\t\t\t\t\t<div class=\"elementor-element elementor-element-1d878a2 elementor-view-stacked elementor-position-left elementor-vertical-align-middle elementor-shape-circle elementor-mobile-position-top elementor-widget elementor-widget-icon-box\" data-id=\"1d878a2\" data-element_type=\"widget\" data-widget_type=\"icon-box.default\">\n\t\t\t\t<div class=\"elementor-widget-container\">\n\t\t\t\t\t<div class=\"elementor-icon-box-wrapper\">\n\t\t\t\t\t\t<div class=\"elementor-icon-box-icon\">\n\t\t\t\t<a class=\"elementor-icon elementor-animation-\" href=\"https:\/\/goo.gl\/maps\/rE3J3t6NxrBZTWst9\">\n\t\t\t\t<i aria-hidden=\"true\" class=\"fas fa-map-marker-alt\"><\/i>\t\t\t\t<\/a>\n\t\t\t<\/div>\n\t\t\t\t\t\t<div class=\"elementor-icon-box-content\">\n\t\t\t\t<h3 class=\"elementor-icon-box-title\">\n\t\t\t\t\t<a href=\"https:\/\/goo.gl\/maps\/rE3J3t6NxrBZTWst9\" >\n\t\t\t\t\t\tGdzie?\t\t\t\t\t<\/a>\n\t\t\t\t<\/h3>\n\t\t\t\t\t\t\t\t\t<p class=\"elementor-icon-box-description\">\n\t\t\t\t\t\tZamek Ksi\u0105\u017c\u0105t G\u0142ogowskich (mamy nadziej\u0119)\t\t\t\t\t<\/p>\n\t\t\t\t\t\t\t<\/div>\n\t\t<\/div>\n\t\t\t\t<\/div>\n\t\t\t\t<\/div>\n\t\t\t\t\t<\/div>\n\t\t<\/div>\n\t\t\t\t\t\t\t<\/div>\n\t\t<\/section>\n\t\t\t\t<section class=\"elementor-section elementor-inner-section elementor-element elementor-element-0138ad6 elementor-section-boxed elementor-section-height-default elementor-section-height-default\" data-id=\"0138ad6\" data-element_type=\"section\">\n\t\t\t\t\t\t<div class=\"elementor-container elementor-column-gap-no\">\n\t\t\t\t\t<div class=\"elementor-column elementor-col-100 elementor-inner-column elementor-element elementor-element-1bfe228\" data-id=\"1bfe228\" data-element_type=\"column\">\n\t\t\t<div class=\"elementor-widget-wrap elementor-element-populated\">\n\t\t\t\t\t\t\t\t<div class=\"elementor-element elementor-element-676834f elementor-view-stacked elementor-position-left elementor-vertical-align-middle elementor-shape-circle elementor-mobile-position-top elementor-widget elementor-widget-icon-box\" data-id=\"676834f\" data-element_type=\"widget\" data-widget_type=\"icon-box.default\">\n\t\t\t\t<div class=\"elementor-widget-container\">\n\t\t\t\t\t<div class=\"elementor-icon-box-wrapper\">\n\t\t\t\t\t\t<div class=\"elementor-icon-box-icon\">\n\t\t\t\t<a class=\"elementor-icon elementor-animation-\" href=\"https:\/\/miedziowestowarzyszenie.pl\/\">\n\t\t\t\t<i aria-hidden=\"true\" class=\"fas fa-microphone-alt\"><\/i>\t\t\t\t<\/a>\n\t\t\t<\/div>\n\t\t\t\t\t\t<div class=\"elementor-icon-box-content\">\n\t\t\t\t<h3 class=\"elementor-icon-box-title\">\n\t\t\t\t\t<a href=\"https:\/\/miedziowestowarzyszenie.pl\/\" >\n\t\t\t\t\t\tKto organizuje?\t\t\t\t\t<\/a>\n\t\t\t\t<\/h3>\n\t\t\t\t\t\t\t\t\t<p class=\"elementor-icon-box-description\">\n\t\t\t\t\t\tMiedziowe Stowarzyszenie Przedsi\u0119biorczo\u015bci wraz z kobietami z G\u0142ogowa i okolic\t\t\t\t\t<\/p>\n\t\t\t\t\t\t\t<\/div>\n\t\t<\/div>\n\t\t\t\t<\/div>\n\t\t\t\t<\/div>\n\t\t\t\t\t<\/div>\n\t\t<\/div>\n\t\t\t\t\t\t\t<\/div>\n\t\t<\/section>\n\t\t\t\t\t<\/div>\n\t\t<\/div>\n\t\t\t\t\t\t\t<\/div>\n\t\t<\/section>\n\t\t\t\t<section class=\"elementor-section elementor-top-section elementor-element elementor-element-aa85e7d elementor-section-boxed elementor-section-height-default elementor-section-height-default\" data-id=\"aa85e7d\" data-element_type=\"section\">\n\t\t\t\t\t\t<div class=\"elementor-container elementor-column-gap-default\">\n\t\t\t\t\t<div class=\"elementor-column elementor-col-100 elementor-top-column elementor-element elementor-element-058a6af\" data-id=\"058a6af\" data-element_type=\"column\">\n\t\t\t<div class=\"elementor-widget-wrap elementor-element-populated\">\n\t\t\t\t\t\t\t\t<div class=\"elementor-element elementor-element-3e628a8 elementor-widget elementor-widget-image\" data-id=\"3e628a8\" data-element_type=\"widget\" data-widget_type=\"image.default\">\n\t\t\t\t<div class=\"elementor-widget-container\">\n\t\t\t<style>\/*! elementor - v3.13.3 - 28-05-2023 *\/\n.elementor-widget-image{text-align:center}.elementor-widget-image a{display:inline-block}.elementor-widget-image a img[src$=\".svg\"]{width:48px}.elementor-widget-image img{vertical-align:middle;display:inline-block}<\/style>\t\t\t\t\t\t\t\t\t\t\t\t<img decoding=\"async\" src=\"https:\/\/www.glogowianki.pl\/wp-content\/uploads\/2023\/05\/O-GLOGO-02-scaled.jpg\" title=\"\" alt=\"\" loading=\"lazy\" \/>\t\t\t\t\t\t\t\t\t\t\t\t\t\t\t<\/div>\n\t\t\t\t<\/div>\n\t\t\t\t<section class=\"elementor-section elementor-inner-section elementor-element elementor-element-d35e565 elementor-section-boxed elementor-section-height-default elementor-section-height-default\" data-id=\"d35e565\" data-element_type=\"section\">\n\t\t\t\t\t\t<div class=\"elementor-container elementor-column-gap-default\">\n\t\t\t\t\t<div class=\"elementor-column elementor-col-100 elementor-inner-column elementor-element elementor-element-a8b12df\" data-id=\"a8b12df\" data-element_type=\"column\">\n\t\t\t<div class=\"elementor-widget-wrap elementor-element-populated\">\n\t\t\t\t\t\t\t\t<div class=\"elementor-element elementor-element-ffc1f75 elementor-widget__width-initial elementor-widget elementor-widget-text-editor\" data-id=\"ffc1f75\" data-element_type=\"widget\" data-widget_type=\"text-editor.default\">\n\t\t\t\t<div class=\"elementor-widget-container\">\n\t\t\t<style>\/*! elementor - v3.13.3 - 28-05-2023 *\/\n.elementor-widget-text-editor.elementor-drop-cap-view-stacked .elementor-drop-cap{background-color:#69727d;color:#fff}.elementor-widget-text-editor.elementor-drop-cap-view-framed .elementor-drop-cap{color:#69727d;border:3px solid;background-color:transparent}.elementor-widget-text-editor:not(.elementor-drop-cap-view-default) .elementor-drop-cap{margin-top:8px}.elementor-widget-text-editor:not(.elementor-drop-cap-view-default) .elementor-drop-cap-letter{width:1em;height:1em}.elementor-widget-text-editor .elementor-drop-cap{float:left;text-align:center;line-height:1;font-size:50px}.elementor-widget-text-editor .elementor-drop-cap-letter{display:inline-block}<\/style>\t\t\t\t<p>\u201eG\u0142ogoWianki \u2013 Kr\u0105g Sprytnych Kobiet&#8221; \u2013 czyli coroczne \u015bwi\u0119to g\u0142ogowskich kobiet po\u0142\u0105czone z pi\u0119kn\u0105 tradycj\u0105 Nocy \u015awi\u0119toja\u0144skiej. Wydarzenie organizowane przez Miedziowe Stowarzyszenie Przedsi\u0119biorczo\u015bci\u00a0 w Zamku Ksi\u0105\u017c\u0105t G\u0142ogowskich od 16.00 do 20.00. Odkryj swoj\u0105 kreatywn\u0105 stron\u0119, dzi\u0119ki otwartym warsztatom na zamkowym dziedzi\u0144cu lub zanurz si\u0119 g\u0142\u0119biej, dzi\u0119ki zamkni\u0119tym warsztatom rozwojowym. Nasz projekt ma na celu uczczenie bogatej kultury i tradycji naszej spo\u0142eczno\u015bci, a jednocze\u015bnie wzmocnienie sprawczo\u015bci kobiet. Po warsztatach w g\u0142ogowskim zamku udamy si\u0119 nad Odr\u0119, na magiczny i zjawiskowy rytua\u0142 Nocy \u015awi\u0119toja\u0144skiej.\u00a0 Zach\u0119camy do udzia\u0142u r\u00f3wnie\u017c kobiety z dzie\u0107mi, poniewa\u017c na miejscu dost\u0119pny b\u0119dzie animator, kt\u00f3ry z ch\u0119ci\u0105 zajmie zabaw\u0105 wszystkie maluchy.<\/p><p>Co dobrego czeka Ci\u0119 na G\u0142ogoWiankach 2023?<\/p><p>B\u0119dziesz mie\u0107 okazj\u0119:<\/p><p>&#8211; Pozna\u0107 przedsi\u0119biorcze, energiczne i poszukuj\u0105ce osoby<\/p><p>&#8211; Uczestniczy\u0107 w warsztatach rozwojowych<\/p><p>&#8211; Uczestniczy\u0107 w warsztatach kreatywnych<\/p><p>&#8211; Poprowadzi\u0107 warsztaty lub stoisko, je\u017celi czujesz si\u0119 na si\u0142ach<\/p><p>&#8211; Zrobi\u0107 wspania\u0142e zdj\u0119cia w pi\u0119knym wianku, w otoczeniu zapieraj\u0105cej dech w piersiach scenerii.<\/p><p>Do\u0142\u0105cz do lokalnej spo\u0142eczno\u015bci, kt\u00f3ra wspiera si\u0119, uczy, rozwija w gronie podobnie my\u015bl\u0105cych kobiet!<\/p><p><strong>Ca\u0142e wydarzenie jest bezp\u0142atne.<\/strong><\/p><div>\u00a0<\/div>\t\t\t\t\t\t<\/div>\n\t\t\t\t<\/div>\n\t\t\t\t\t<\/div>\n\t\t<\/div>\n\t\t\t\t\t\t\t<\/div>\n\t\t<\/section>\n\t\t\t\t\t<\/div>\n\t\t<\/div>\n\t\t\t\t\t\t\t<\/div>\n\t\t<\/section>\n\t\t\t\t<section class=\"elementor-section elementor-top-section elementor-element elementor-element-048b8b3 elementor-hidden-desktop elementor-hidden-tablet elementor-hidden-mobile elementor-section-boxed elementor-section-height-default elementor-section-height-default\" data-id=\"048b8b3\" data-element_type=\"section\">\n\t\t\t\t\t\t<div class=\"elementor-container elementor-column-gap-default\">\n\t\t\t\t\t<div class=\"elementor-column elementor-col-100 elementor-top-column elementor-element elementor-element-426a84a\" data-id=\"426a84a\" data-element_type=\"column\">\n\t\t\t<div class=\"elementor-widget-wrap elementor-element-populated\">\n\t\t\t\t\t\t\t\t<div class=\"elementor-element elementor-element-0c44394 elementor-widget elementor-widget-naevents_basic_blog\" data-id=\"0c44394\" data-element_type=\"widget\" data-widget_type=\"naevents_basic_blog.default\">\n\t\t\t\t<div class=\"elementor-widget-container\">\n\t\t\t\t\t<div class=\"naeep-blog-wrap\">\r\n\t\t\t<div class=\"col-na-row\">\r\n\r\n\t\t\t\t\t\t<div class=\"col-na-6\">\r\n\t\t\t\t<div class=\"naeep-news-item\">\r\n\t\t\t\t  \t\t\t\t\t  <div class=\"naeep-image\">\r\n\t\t\t\t\t    <a href=\"https:\/\/www.glogowianki.pl\/?p=616\"><img decoding=\"async\" src=\"https:\/\/www.glogowianki.pl\/wp-content\/uploads\/2023\/05\/Kopia-Kopia-na-tropie-wielkanocnego-zajaca-Post-na-Instagram-Kwadrat-1.png\" alt=\"G\u0142ogoWianki Edycja Bussines \u2013 Le\u015bna uwa\u017cno\u015b\u0107 i rozmowy biznesowe\"><\/a>\r\n\t\t\t\t\t  <\/div>\r\n\t\t\t\t\t\t\t\t\t  <div class=\"news-info naeep-item\">\r\n\t\t\t  \t\t\t\t\t\t  \t<ul class=\"news-meta\">\r\n\t\t\t\t  \t\t\t\t\t\t\t\t\t<li>30 maja, 2023<\/li>\t\t\t\t\t\t<\/ul>\r\n\t\t\t\t    \t\t\t\t  \t<h3 class=\"news-title\"><a href=\"https:\/\/www.glogowianki.pl\/?p=616\">G\u0142ogoWianki Edycja Bussines \u2013 Le\u015bna uwa\u017cno\u015b\u0107 i rozmowy biznesowe<\/a><\/h3>\r\n\t\t\t\t\t\t<p>Przy\u0142\u0105cz si\u0119 do naszego&nbsp; niezapomnianego wydarzenia, kt\u00f3re zapewni Ci odpr\u0119\u017cenie, relaks oraz mo\u017cliwo\u015b\u0107 wymiany do\u015bwiadcze\u0144 z innymi kobietami, kt\u00f3re jak Ty, prowadz\u0105 w\u0142asne biznesy i podejmuj\u0105 si\u0119 wielkich wyzwa\u0144. Bez&#8230;<\/p>\n\t\t  \t\t\t<div class=\"naeep-btn-wrap\">\r\n\t\t  \t\t\t\t<a href=\"https:\/\/www.glogowianki.pl\/?p=616\" class=\"naeep-btn\">Czytaj wi\u0119cej<\/a>\r\n\t\t  \t\t\t<\/div>\r\n\t\t\t\t  <\/div>\r\n\t\t\t\t<\/div>\r\n\t\t\t<\/div>\r\n\t\t\t\t\t\t<div class=\"col-na-6\">\r\n\t\t\t\t<div class=\"naeep-news-item\">\r\n\t\t\t\t  \t\t\t\t\t  <div class=\"naeep-image\">\r\n\t\t\t\t\t    <a href=\"https:\/\/www.glogowianki.pl\/?p=613\"><img decoding=\"async\" src=\"https:\/\/www.glogowianki.pl\/wp-content\/uploads\/2023\/05\/Kopia-Dodaj-podtytul-Post-na-Instagram-Kwadrat.png\" alt=\"Zosta\u0144 wolontariuszem \u2013 G\u0142ogoWianki 2023\"><\/a>\r\n\t\t\t\t\t  <\/div>\r\n\t\t\t\t\t\t\t\t\t  <div class=\"news-info naeep-item\">\r\n\t\t\t  \t\t\t\t\t\t  \t<ul class=\"news-meta\">\r\n\t\t\t\t  \t\t\t\t\t\t\t\t\t<li>30 maja, 2023<\/li>\t\t\t\t\t\t<\/ul>\r\n\t\t\t\t    \t\t\t\t  \t<h3 class=\"news-title\"><a href=\"https:\/\/www.glogowianki.pl\/?p=613\">Zosta\u0144 wolontariuszem \u2013 G\u0142ogoWianki 2023<\/a><\/h3>\r\n\t\t\t\t\t\t<p>Przed nami pi\u0105ta edycja G\u0142ogoWianek, kt\u00f3ra odb\u0119dzie si\u0119 18 czerwca 2023! Zbieramy dru\u017cyn\u0119 G\u0142ogoWianek, kt\u00f3ra do\u0142o\u017cy swoj\u0105 cegie\u0142k\u0119 przy organizacji tego wydarzenia. Chcemy si\u0119 wsp\u00f3lnie uczy\u0107, motywowa\u0107, rozwija\u0107 i dzia\u0142a\u0107&#8230;.<\/p>\n\t\t  \t\t\t<div class=\"naeep-btn-wrap\">\r\n\t\t  \t\t\t\t<a href=\"https:\/\/www.glogowianki.pl\/?p=613\" class=\"naeep-btn\">Czytaj wi\u0119cej<\/a>\r\n\t\t  \t\t\t<\/div>\r\n\t\t\t\t  <\/div>\r\n\t\t\t\t<\/div>\r\n\t\t\t<\/div>\r\n\t\t\t\t\t\t<\/div>\r\n\t\t        <div class=\"naeep-pagination\">\r\n              <\/div>\r\n    \t\t<\/div>\r\n\t  \t\t<\/div>\n\t\t\t\t<\/div>\n\t\t\t\t<div class=\"elementor-element elementor-element-713af46 elementor-widget elementor-widget-image\" data-id=\"713af46\" data-element_type=\"widget\" data-widget_type=\"image.default\">\n\t\t\t\t<div class=\"elementor-widget-container\">\n\t\t\t\t\t\t\t\t\t\t\t\t\t\t\t<img decoding=\"async\" src=\"https:\/\/www.glogowianki.pl\/wp-content\/uploads\/2023\/06\/loga_glogowianki-scaled.jpg\" title=\"\" alt=\"\" loading=\"lazy\" \/>\t\t\t\t\t\t\t\t\t\t\t\t\t\t\t<\/div>\n\t\t\t\t<\/div>\n\t\t\t\t\t<\/div>\n\t\t<\/div>\n\t\t\t\t\t\t\t<\/div>\n\t\t<\/section>\n\t\t\t\t\t\t\t<\/div>\n\t\t","protected":false},"excerpt":{"rendered":"<p>Zapisz si\u0119 na warsztaty Harmonogram 00Days 00Hours 00Minutes 00Seconds Kiedy? Niedziela, 15 czerwca 2024 godz. 16:00 &#8211; 20:00 Gdzie? Zamek Ksi\u0105\u017c\u0105t G\u0142ogowskich (mamy nadziej\u0119) Kto organizuje? Miedziowe Stowarzyszenie Przedsi\u0119biorczo\u015bci wraz&#8230;<\/p>\n","protected":false},"author":1,"featured_media":0,"parent":0,"menu_order":0,"comment_status":"closed","ping_status":"closed","template":"elementor_header_footer","meta":[],"_links":{"self":[{"href":"https:\/\/www.glogowianki.pl\/index.php?rest_route=\/wp\/v2\/pages\/38"}],"collection":[{"href":"https:\/\/www.glogowianki.pl\/index.php?rest_route=\/wp\/v2\/pages"}],"about":[{"href":"https:\/\/www.glogowianki.pl\/index.php?rest_route=\/wp\/v2\/types\/page"}],"author":[{"embeddable":true,"href":"https:\/\/www.glogowianki.pl\/index.php?rest_route=\/wp\/v2\/users\/1"}],"replies":[{"embeddable":true,"href":"https:\/\/www.glogowianki.pl\/index.php?rest_route=%2Fwp%2Fv2%2Fcomments&post=38"}],"version-history":[{"count":94,"href":"https:\/\/www.glogowianki.pl\/index.php?rest_route=\/wp\/v2\/pages\/38\/revisions"}],"predecessor-version":[{"id":677,"href":"https:\/\/www.glogowianki.pl\/index.php?rest_route=\/wp\/v2\/pages\/38\/revisions\/677"}],"wp:attachment":[{"href":"https:\/\/www.glogowianki.pl\/index.php?rest_route=%2Fwp%2Fv2%2Fmedia&parent=38"}],"curies":[{"name":"wp","href":"https:\/\/api.w.org\/{rel}","templated":true}]}}